{"id":7301,"date":"2024-03-15T10:06:04","date_gmt":"2024-03-15T10:06:04","guid":{"rendered":"https:\/\/www.vonstackelberghotel.com\/?page_id=7301"},"modified":"2025-10-16T12:41:17","modified_gmt":"2025-10-16T12:41:17","slug":"konverentsikeskus","status":"publish","type":"page","link":"https:\/\/www.vonstackelberghotel.com\/et\/konverentsikeskus\/","title":{"rendered":"Konverentsikeskus"},"content":{"rendered":"\n<p>Konverentsikeskus<\/p>\n","protected":false},"excerpt":{"rendered":"<p>Konverentsikeskus<\/p>\n","protected":false},"author":2,"featured_media":0,"parent":0,"menu_order":0,"comment_status":"closed","ping_status":"closed","template":"template-venue.php","meta":{"_acf_changed":false,"footnotes":""},"class_list":["post-7301","page","type-page","status-publish","hentry"],"acf":[],"yoast_head":"<!-- This site is optimized with the Yoast SEO plugin v25.4 - https:\/\/yoast.com\/wordpress\/plugins\/seo\/ -->\n<title>Konverentsikeskus - Von Stackelberg Hotel Tallinn<\/title>\n<meta name=\"description\" content=\"Konverentsikeskus sisaldab kahte oman\u00e4olist ruumi, avarat T\u00f5llakuuri ning v\u00e4iksemat Alexandrine ruumi. V\u00f5ta meiega \u00fchendust ning tule tasuta tuurile.\" \/>\n<meta name=\"robots\" content=\"index, follow, max-snippet:-1, max-image-preview:large, max-video-preview:-1\" \/>\n<link rel=\"canonical\" href=\"https:\/\/www.vonstackelberghotel.com\/et\/konverentsikeskus\/\" \/>\n<meta property=\"og:locale\" content=\"et_EE\" \/>\n<meta property=\"og:type\" content=\"article\" \/>\n<meta property=\"og:title\" content=\"Konverentsikeskus - Von Stackelberg Hotel Tallinn\" \/>\n<meta property=\"og:description\" content=\"Konverentsikeskus sisaldab kahte oman\u00e4olist ruumi, avarat T\u00f5llakuuri ning v\u00e4iksemat Alexandrine ruumi. V\u00f5ta meiega \u00fchendust ning tule tasuta tuurile.\" \/>\n<meta property=\"og:url\" content=\"https:\/\/www.vonstackelberghotel.com\/et\/konverentsikeskus\/\" \/>\n<meta property=\"og:site_name\" content=\"Von Stackelberg Hotel Tallinn\" \/>\n<meta property=\"article:modified_time\" content=\"2025-10-16T12:41:17+00:00\" \/>\n<meta name=\"twitter:card\" content=\"summary_large_image\" \/>\n<meta name=\"twitter:label1\" content=\"Est. reading time\" \/>\n\t<meta name=\"twitter:data1\" content=\"1 minut\" \/>\n<script type=\"application\/ld+json\" class=\"yoast-schema-graph\">{\"@context\":\"https:\/\/schema.org\",\"@graph\":[{\"@type\":\"WebPage\",\"@id\":\"https:\/\/www.vonstackelberghotel.com\/et\/konverentsikeskus\/\",\"url\":\"https:\/\/www.vonstackelberghotel.com\/et\/konverentsikeskus\/\",\"name\":\"Konverentsikeskus - Von Stackelberg Hotel Tallinn\",\"isPartOf\":{\"@id\":\"https:\/\/www.vonstackelberghotel.com\/#website\"},\"datePublished\":\"2024-03-15T10:06:04+00:00\",\"dateModified\":\"2025-10-16T12:41:17+00:00\",\"description\":\"Konverentsikeskus sisaldab kahte oman\u00e4olist ruumi, avarat T\u00f5llakuuri ning v\u00e4iksemat Alexandrine ruumi. V\u00f5ta meiega \u00fchendust ning tule tasuta tuurile.\",\"breadcrumb\":{\"@id\":\"https:\/\/www.vonstackelberghotel.com\/et\/konverentsikeskus\/#breadcrumb\"},\"inLanguage\":\"et\",\"potentialAction\":[{\"@type\":\"ReadAction\",\"target\":[\"https:\/\/www.vonstackelberghotel.com\/et\/konverentsikeskus\/\"]}]},{\"@type\":\"BreadcrumbList\",\"@id\":\"https:\/\/www.vonstackelberghotel.com\/et\/konverentsikeskus\/#breadcrumb\",\"itemListElement\":[{\"@type\":\"ListItem\",\"position\":1,\"name\":\"Home\",\"item\":\"https:\/\/www.vonstackelberghotel.com\/et\/\"},{\"@type\":\"ListItem\",\"position\":2,\"name\":\"Konverentsikeskus\"}]},{\"@type\":\"WebSite\",\"@id\":\"https:\/\/www.vonstackelberghotel.com\/#website\",\"url\":\"https:\/\/www.vonstackelberghotel.com\/\",\"name\":\"Von Stackelberg Hotel Tallinn\",\"description\":\"\",\"publisher\":{\"@id\":\"https:\/\/www.vonstackelberghotel.com\/#organization\"},\"potentialAction\":[{\"@type\":\"SearchAction\",\"target\":{\"@type\":\"EntryPoint\",\"urlTemplate\":\"https:\/\/www.vonstackelberghotel.com\/?s={search_term_string}\"},\"query-input\":{\"@type\":\"PropertyValueSpecification\",\"valueRequired\":true,\"valueName\":\"search_term_string\"}}],\"inLanguage\":\"et\"},{\"@type\":\"Organization\",\"@id\":\"https:\/\/www.vonstackelberghotel.com\/#organization\",\"name\":\"Von Stackelberg Hotel Tallinn\",\"url\":\"https:\/\/www.vonstackelberghotel.com\/\",\"logo\":{\"@type\":\"ImageObject\",\"inLanguage\":\"et\",\"@id\":\"https:\/\/www.vonstackelberghotel.com\/#\/schema\/logo\/image\/\",\"url\":\"https:\/\/www.vonstackelberghotel.com\/wp-content\/uploads\/sites\/11\/2022\/11\/VSH-logo-wite-205x250-1.png\",\"contentUrl\":\"https:\/\/www.vonstackelberghotel.com\/wp-content\/uploads\/sites\/11\/2022\/11\/VSH-logo-wite-205x250-1.png\",\"width\":250,\"height\":252,\"caption\":\"Von Stackelberg Hotel Tallinn\"},\"image\":{\"@id\":\"https:\/\/www.vonstackelberghotel.com\/#\/schema\/logo\/image\/\"}}]}<\/script>\n<!-- \/ Yoast SEO plugin. -->","yoast_head_json":{"title":"Konverentsikeskus - Von Stackelberg Hotel Tallinn","description":"Konverentsikeskus sisaldab kahte oman\u00e4olist ruumi, avarat T\u00f5llakuuri ning v\u00e4iksemat Alexandrine ruumi. V\u00f5ta meiega \u00fchendust ning tule tasuta tuurile.","robots":{"index":"index","follow":"follow","max-snippet":"max-snippet:-1","max-image-preview":"max-image-preview:large","max-video-preview":"max-video-preview:-1"},"canonical":"https:\/\/www.vonstackelberghotel.com\/et\/konverentsikeskus\/","og_locale":"et_EE","og_type":"article","og_title":"Konverentsikeskus - Von Stackelberg Hotel Tallinn","og_description":"Konverentsikeskus sisaldab kahte oman\u00e4olist ruumi, avarat T\u00f5llakuuri ning v\u00e4iksemat Alexandrine ruumi. V\u00f5ta meiega \u00fchendust ning tule tasuta tuurile.","og_url":"https:\/\/www.vonstackelberghotel.com\/et\/konverentsikeskus\/","og_site_name":"Von Stackelberg Hotel Tallinn","article_modified_time":"2025-10-16T12:41:17+00:00","twitter_card":"summary_large_image","twitter_misc":{"Est. reading time":"1 minut"},"schema":{"@context":"https:\/\/schema.org","@graph":[{"@type":"WebPage","@id":"https:\/\/www.vonstackelberghotel.com\/et\/konverentsikeskus\/","url":"https:\/\/www.vonstackelberghotel.com\/et\/konverentsikeskus\/","name":"Konverentsikeskus - Von Stackelberg Hotel Tallinn","isPartOf":{"@id":"https:\/\/www.vonstackelberghotel.com\/#website"},"datePublished":"2024-03-15T10:06:04+00:00","dateModified":"2025-10-16T12:41:17+00:00","description":"Konverentsikeskus sisaldab kahte oman\u00e4olist ruumi, avarat T\u00f5llakuuri ning v\u00e4iksemat Alexandrine ruumi. V\u00f5ta meiega \u00fchendust ning tule tasuta tuurile.","breadcrumb":{"@id":"https:\/\/www.vonstackelberghotel.com\/et\/konverentsikeskus\/#breadcrumb"},"inLanguage":"et","potentialAction":[{"@type":"ReadAction","target":["https:\/\/www.vonstackelberghotel.com\/et\/konverentsikeskus\/"]}]},{"@type":"BreadcrumbList","@id":"https:\/\/www.vonstackelberghotel.com\/et\/konverentsikeskus\/#breadcrumb","itemListElement":[{"@type":"ListItem","position":1,"name":"Home","item":"https:\/\/www.vonstackelberghotel.com\/et\/"},{"@type":"ListItem","position":2,"name":"Konverentsikeskus"}]},{"@type":"WebSite","@id":"https:\/\/www.vonstackelberghotel.com\/#website","url":"https:\/\/www.vonstackelberghotel.com\/","name":"Von Stackelberg Hotel Tallinn","description":"","publisher":{"@id":"https:\/\/www.vonstackelberghotel.com\/#organization"},"potentialAction":[{"@type":"SearchAction","target":{"@type":"EntryPoint","urlTemplate":"https:\/\/www.vonstackelberghotel.com\/?s={search_term_string}"},"query-input":{"@type":"PropertyValueSpecification","valueRequired":true,"valueName":"search_term_string"}}],"inLanguage":"et"},{"@type":"Organization","@id":"https:\/\/www.vonstackelberghotel.com\/#organization","name":"Von Stackelberg Hotel Tallinn","url":"https:\/\/www.vonstackelberghotel.com\/","logo":{"@type":"ImageObject","inLanguage":"et","@id":"https:\/\/www.vonstackelberghotel.com\/#\/schema\/logo\/image\/","url":"https:\/\/www.vonstackelberghotel.com\/wp-content\/uploads\/sites\/11\/2022\/11\/VSH-logo-wite-205x250-1.png","contentUrl":"https:\/\/www.vonstackelberghotel.com\/wp-content\/uploads\/sites\/11\/2022\/11\/VSH-logo-wite-205x250-1.png","width":250,"height":252,"caption":"Von Stackelberg Hotel Tallinn"},"image":{"@id":"https:\/\/www.vonstackelberghotel.com\/#\/schema\/logo\/image\/"}}]}},"_links":{"self":[{"href":"https:\/\/www.vonstackelberghotel.com\/et\/wp-json\/wp\/v2\/pages\/7301","targetHints":{"allow":["GET"]}}],"collection":[{"href":"https:\/\/www.vonstackelberghotel.com\/et\/wp-json\/wp\/v2\/pages"}],"about":[{"href":"https:\/\/www.vonstackelberghotel.com\/et\/wp-json\/wp\/v2\/types\/page"}],"author":[{"embeddable":true,"href":"https:\/\/www.vonstackelberghotel.com\/et\/wp-json\/wp\/v2\/users\/2"}],"replies":[{"embeddable":true,"href":"https:\/\/www.vonstackelberghotel.com\/et\/wp-json\/wp\/v2\/comments?post=7301"}],"version-history":[{"count":28,"href":"https:\/\/www.vonstackelberghotel.com\/et\/wp-json\/wp\/v2\/pages\/7301\/revisions"}],"predecessor-version":[{"id":8249,"href":"https:\/\/www.vonstackelberghotel.com\/et\/wp-json\/wp\/v2\/pages\/7301\/revisions\/8249"}],"wp:attachment":[{"href":"https:\/\/www.vonstackelberghotel.com\/et\/wp-json\/wp\/v2\/media?parent=7301"}],"curies":[{"name":"wp","href":"https:\/\/api.w.org\/{rel}","templated":true}]}}